{"id":37,"date":"2019-08-16T16:18:33","date_gmt":"2019-08-16T14:18:33","guid":{"rendered":"http:\/\/kominiarzwyszkow.ct8.pl\/?page_id=37"},"modified":"2019-08-16T16:18:33","modified_gmt":"2019-08-16T14:18:33","slug":"galeria","status":"publish","type":"page","link":"http:\/\/kominiarzwyszkow.ct8.pl\/?page_id=37","title":{"rendered":"GALERIA"},"content":{"rendered":"","protected":false},"excerpt":{"rendered":"","protected":false},"author":1,"featured_media":0,"parent":0,"menu_order":3,"comment_status":"closed","ping_status":"closed","template":"page-templates\/page_fullwidth.php","meta":{"footnotes":""},"yoast_head":"<!-- This site is optimized with the Yoast SEO plugin v22.3 - https:\/\/yoast.com\/wordpress\/plugins\/seo\/ -->\n<title>GALERIA - Zak\u0142ad Us\u0142ug Kominiarskich Jaros\u0142aw \u015awiercz<\/title>\n<meta name=\"robots\" content=\"index, follow, max-snippet:-1, max-image-preview:large, max-video-preview:-1\" \/>\n<link rel=\"canonical\" href=\"http:\/\/kominiarzwyszkow.ct8.pl\/?page_id=37\" \/>\n<meta property=\"og:locale\" content=\"pl_PL\" \/>\n<meta property=\"og:type\" content=\"article\" \/>\n<meta property=\"og:title\" content=\"GALERIA - Zak\u0142ad Us\u0142ug Kominiarskich Jaros\u0142aw \u015awiercz\" \/>\n<meta property=\"og:url\" content=\"http:\/\/kominiarzwyszkow.ct8.pl\/?page_id=37\" \/>\n<meta property=\"og:site_name\" content=\"Zak\u0142ad Us\u0142ug Kominiarskich Jaros\u0142aw \u015awiercz\" \/>\n<meta name=\"twitter:card\" content=\"summary_large_image\" \/>\n<script type=\"application\/ld+json\" class=\"yoast-schema-graph\">{\"@context\":\"https:\/\/schema.org\",\"@graph\":[{\"@type\":[\"WebPage\",\"CollectionPage\"],\"@id\":\"http:\/\/kominiarzwyszkow.ct8.pl\/?page_id=37\",\"url\":\"http:\/\/kominiarzwyszkow.ct8.pl\/?page_id=37\",\"name\":\"GALERIA - Zak\u0142ad Us\u0142ug Kominiarskich Jaros\u0142aw \u015awiercz\",\"isPartOf\":{\"@id\":\"https:\/\/kominiarzwyszkow.ct8.pl\/#website\"},\"datePublished\":\"2019-08-16T14:18:33+00:00\",\"dateModified\":\"2019-08-16T14:18:33+00:00\",\"breadcrumb\":{\"@id\":\"http:\/\/kominiarzwyszkow.ct8.pl\/?page_id=37#breadcrumb\"},\"inLanguage\":\"pl-PL\"},{\"@type\":\"BreadcrumbList\",\"@id\":\"http:\/\/kominiarzwyszkow.ct8.pl\/?page_id=37#breadcrumb\",\"itemListElement\":[{\"@type\":\"ListItem\",\"position\":1,\"name\":\"Strona g\u0142\u00f3wna\",\"item\":\"https:\/\/kominiarzwyszkow.ct8.pl\/\"},{\"@type\":\"ListItem\",\"position\":2,\"name\":\"GALERIA\"}]},{\"@type\":\"WebSite\",\"@id\":\"https:\/\/kominiarzwyszkow.ct8.pl\/#website\",\"url\":\"https:\/\/kominiarzwyszkow.ct8.pl\/\",\"name\":\"Zak\u0142ad Us\u0142ug Kominiarskich Jaros\u0142aw \u015awiercz\",\"description\":\"KOMINIARZ WYSZK\u00d3W\",\"potentialAction\":[{\"@type\":\"SearchAction\",\"target\":{\"@type\":\"EntryPoint\",\"urlTemplate\":\"https:\/\/kominiarzwyszkow.ct8.pl\/?s={search_term_string}\"},\"query-input\":\"required name=search_term_string\"}],\"inLanguage\":\"pl-PL\"}]}<\/script>\n<!-- \/ Yoast SEO plugin. -->","yoast_head_json":{"title":"GALERIA - Zak\u0142ad Us\u0142ug Kominiarskich Jaros\u0142aw \u015awiercz","robots":{"index":"index","follow":"follow","max-snippet":"max-snippet:-1","max-image-preview":"max-image-preview:large","max-video-preview":"max-video-preview:-1"},"canonical":"http:\/\/kominiarzwyszkow.ct8.pl\/?page_id=37","og_locale":"pl_PL","og_type":"article","og_title":"GALERIA - Zak\u0142ad Us\u0142ug Kominiarskich Jaros\u0142aw \u015awiercz","og_url":"http:\/\/kominiarzwyszkow.ct8.pl\/?page_id=37","og_site_name":"Zak\u0142ad Us\u0142ug Kominiarskich Jaros\u0142aw \u015awiercz","twitter_card":"summary_large_image","schema":{"@context":"https:\/\/schema.org","@graph":[{"@type":["WebPage","CollectionPage"],"@id":"http:\/\/kominiarzwyszkow.ct8.pl\/?page_id=37","url":"http:\/\/kominiarzwyszkow.ct8.pl\/?page_id=37","name":"GALERIA - Zak\u0142ad Us\u0142ug Kominiarskich Jaros\u0142aw \u015awiercz","isPartOf":{"@id":"https:\/\/kominiarzwyszkow.ct8.pl\/#website"},"datePublished":"2019-08-16T14:18:33+00:00","dateModified":"2019-08-16T14:18:33+00:00","breadcrumb":{"@id":"http:\/\/kominiarzwyszkow.ct8.pl\/?page_id=37#breadcrumb"},"inLanguage":"pl-PL"},{"@type":"BreadcrumbList","@id":"http:\/\/kominiarzwyszkow.ct8.pl\/?page_id=37#breadcrumb","itemListElement":[{"@type":"ListItem","position":1,"name":"Strona g\u0142\u00f3wna","item":"https:\/\/kominiarzwyszkow.ct8.pl\/"},{"@type":"ListItem","position":2,"name":"GALERIA"}]},{"@type":"WebSite","@id":"https:\/\/kominiarzwyszkow.ct8.pl\/#website","url":"https:\/\/kominiarzwyszkow.ct8.pl\/","name":"Zak\u0142ad Us\u0142ug Kominiarskich Jaros\u0142aw \u015awiercz","description":"KOMINIARZ WYSZK\u00d3W","potentialAction":[{"@type":"SearchAction","target":{"@type":"EntryPoint","urlTemplate":"https:\/\/kominiarzwyszkow.ct8.pl\/?s={search_term_string}"},"query-input":"required name=search_term_string"}],"inLanguage":"pl-PL"}]}},"_links":{"self":[{"href":"http:\/\/kominiarzwyszkow.ct8.pl\/index.php?rest_route=\/wp\/v2\/pages\/37"}],"collection":[{"href":"http:\/\/kominiarzwyszkow.ct8.pl\/index.php?rest_route=\/wp\/v2\/pages"}],"about":[{"href":"http:\/\/kominiarzwyszkow.ct8.pl\/index.php?rest_route=\/wp\/v2\/types\/page"}],"author":[{"embeddable":true,"href":"http:\/\/kominiarzwyszkow.ct8.pl\/index.php?rest_route=\/wp\/v2\/users\/1"}],"replies":[{"embeddable":true,"href":"http:\/\/kominiarzwyszkow.ct8.pl\/index.php?rest_route=%2Fwp%2Fv2%2Fcomments&post=37"}],"version-history":[{"count":0,"href":"http:\/\/kominiarzwyszkow.ct8.pl\/index.php?rest_route=\/wp\/v2\/pages\/37\/revisions"}],"wp:attachment":[{"href":"http:\/\/kominiarzwyszkow.ct8.pl\/index.php?rest_route=%2Fwp%2Fv2%2Fmedia&parent=37"}],"curies":[{"name":"wp","href":"https:\/\/api.w.org\/{rel}","templated":true}]}}