{"id":27,"date":"2019-08-16T15:44:08","date_gmt":"2019-08-16T13:44:08","guid":{"rendered":"http:\/\/kominiarzwyszkow.ct8.pl\/?page_id=27"},"modified":"2020-12-09T23:09:20","modified_gmt":"2020-12-09T22:09:20","slug":"kontakt","status":"publish","type":"page","link":"http:\/\/kominiarzwyszkow.ct8.pl\/?page_id=27","title":{"rendered":"KONTAKT"},"content":{"rendered":"\r\n<p>&nbsp;<\/p>\r\n\r\n\r\n\r\n<div class=\"wp-block-media-text alignwide\" style=\"grid-template-columns: 10% auto;\">\r\n<figure class=\"wp-block-media-text__media\"><img decoding=\"async\" class=\"wp-image-8\" src=\"http:\/\/kominiarzwyszkow.ct8.pl\/wp-content\/uploads\/2020\/02\/ikona-telefonu.png\" alt=\"\" \/><\/figure>\r\n<div class=\"wp-block-media-text__content\">\r\n<p class=\"has-large-font-size\">602 416 478<\/p>\r\n<\/div>\r\n<\/div>\r\n\r\n\r\n\r\n<p>&nbsp;<\/p>\r\n\r\n\r\n\r\n<table class=\"wp-block-table has-subtle-light-gray-background-color has-fixed-layout has-background is-style-stripes\">\r\n<tbody>\r\n<tr>\r\n<td>poniedzia\u0142ek<\/td>\r\n<td>08:00\u201317:00<\/td>\r\n<\/tr>\r\n<tr>\r\n<td>wtorek<\/td>\r\n<td>08:00\u201317:00<\/td>\r\n<\/tr>\r\n<tr>\r\n<td>\u015broda<\/td>\r\n<td>08:00\u201317:00<\/td>\r\n<\/tr>\r\n<tr>\r\n<td>czwartek<\/td>\r\n<td>08:00\u201317:00<\/td>\r\n<\/tr>\r\n<tr>\r\n<td>pi\u0105tek<\/td>\r\n<td>08:00\u201317:00<\/td>\r\n<\/tr>\r\n<tr>\r\n<td>sobota<\/td>\r\n<td>08:00\u201315:00<\/td>\r\n<\/tr>\r\n<tr>\r\n<td>niedziela<\/td>\r\n<td>Zamkni\u0119te<\/td>\r\n<\/tr>\r\n<\/tbody>\r\n<\/table>\r\n\r\n\r\n\r\n<div class=\"wp-block-media-text alignwide\" style=\"grid-template-columns: 10% auto;\">\r\n<figure class=\"wp-block-media-text__media\"><img decoding=\"async\" class=\"wp-image-7\" src=\"http:\/\/kominiarzwyszkow.ct8.pl\/wp-content\/uploads\/2020\/02\/ikona-email.png\" alt=\"\" \/><\/figure>\r\n<div class=\"wp-block-media-text__content\">\r\n<p class=\"has-large-font-size\">tadeos66@wp.pl<\/p>\r\n<\/div>\r\n<\/div>\r\n","protected":false},"excerpt":{"rendered":"<p>&nbsp; 602 416 478 &nbsp; poniedzia\u0142ek 08:00\u201317:00 wtorek 08:00\u201317:00 \u015broda 08:00\u201317:00 czwartek 08:00\u201317:00 pi\u0105tek 08:00\u201317:00 sobota 08:00\u201315:00 niedziela Zamkni\u0119te tadeos66@wp.pl<\/p>\n","protected":false},"author":1,"featured_media":0,"parent":0,"menu_order":6,"comment_status":"closed","ping_status":"closed","template":"page-templates\/page_fullwidth.php","meta":{"footnotes":""},"yoast_head":"<!-- This site is optimized with the Yoast SEO plugin v22.3 - https:\/\/yoast.com\/wordpress\/plugins\/seo\/ -->\n<title>KONTAKT - Zak\u0142ad Us\u0142ug Kominiarskich Jaros\u0142aw \u015awiercz<\/title>\n<meta name=\"robots\" content=\"index, follow, max-snippet:-1, max-image-preview:large, max-video-preview:-1\" \/>\n<link rel=\"canonical\" href=\"https:\/\/kominiarzwyszkow.ct8.pl\/?page_id=27\" \/>\n<meta property=\"og:locale\" content=\"pl_PL\" \/>\n<meta property=\"og:type\" content=\"article\" \/>\n<meta property=\"og:title\" content=\"KONTAKT - Zak\u0142ad Us\u0142ug Kominiarskich Jaros\u0142aw \u015awiercz\" \/>\n<meta property=\"og:description\" content=\"&nbsp; 602 416 478 &nbsp; poniedzia\u0142ek 08:00\u201317:00 wtorek 08:00\u201317:00 \u015broda 08:00\u201317:00 czwartek 08:00\u201317:00 pi\u0105tek 08:00\u201317:00 sobota 08:00\u201315:00 niedziela Zamkni\u0119te tadeos66@wp.pl\" \/>\n<meta property=\"og:url\" content=\"https:\/\/kominiarzwyszkow.ct8.pl\/?page_id=27\" \/>\n<meta property=\"og:site_name\" content=\"Zak\u0142ad Us\u0142ug Kominiarskich Jaros\u0142aw \u015awiercz\" \/>\n<meta property=\"article:modified_time\" content=\"2020-12-09T22:09:20+00:00\" \/>\n<meta property=\"og:image\" content=\"http:\/\/kominiarzwyszkow.ct8.pl\/wp-content\/uploads\/2020\/02\/ikona-telefonu.png\" \/>\n<meta name=\"twitter:card\" content=\"summary_large_image\" \/>\n<script type=\"application\/ld+json\" class=\"yoast-schema-graph\">{\"@context\":\"https:\/\/schema.org\",\"@graph\":[{\"@type\":\"WebPage\",\"@id\":\"https:\/\/kominiarzwyszkow.ct8.pl\/?page_id=27\",\"url\":\"https:\/\/kominiarzwyszkow.ct8.pl\/?page_id=27\",\"name\":\"KONTAKT - Zak\u0142ad Us\u0142ug Kominiarskich Jaros\u0142aw \u015awiercz\",\"isPartOf\":{\"@id\":\"https:\/\/kominiarzwyszkow.ct8.pl\/#website\"},\"primaryImageOfPage\":{\"@id\":\"https:\/\/kominiarzwyszkow.ct8.pl\/?page_id=27#primaryimage\"},\"image\":{\"@id\":\"https:\/\/kominiarzwyszkow.ct8.pl\/?page_id=27#primaryimage\"},\"thumbnailUrl\":\"http:\/\/kominiarzwyszkow.ct8.pl\/wp-content\/uploads\/2020\/02\/ikona-telefonu.png\",\"datePublished\":\"2019-08-16T13:44:08+00:00\",\"dateModified\":\"2020-12-09T22:09:20+00:00\",\"breadcrumb\":{\"@id\":\"https:\/\/kominiarzwyszkow.ct8.pl\/?page_id=27#breadcrumb\"},\"inLanguage\":\"pl-PL\",\"potentialAction\":[{\"@type\":\"ReadAction\",\"target\":[\"https:\/\/kominiarzwyszkow.ct8.pl\/?page_id=27\"]}]},{\"@type\":\"ImageObject\",\"inLanguage\":\"pl-PL\",\"@id\":\"https:\/\/kominiarzwyszkow.ct8.pl\/?page_id=27#primaryimage\",\"url\":\"http:\/\/kominiarzwyszkow.ct8.pl\/wp-content\/uploads\/2020\/02\/ikona-telefonu.png\",\"contentUrl\":\"http:\/\/kominiarzwyszkow.ct8.pl\/wp-content\/uploads\/2020\/02\/ikona-telefonu.png\",\"width\":400,\"height\":400},{\"@type\":\"BreadcrumbList\",\"@id\":\"https:\/\/kominiarzwyszkow.ct8.pl\/?page_id=27#breadcrumb\",\"itemListElement\":[{\"@type\":\"ListItem\",\"position\":1,\"name\":\"Strona g\u0142\u00f3wna\",\"item\":\"https:\/\/kominiarzwyszkow.ct8.pl\/\"},{\"@type\":\"ListItem\",\"position\":2,\"name\":\"KONTAKT\"}]},{\"@type\":\"WebSite\",\"@id\":\"https:\/\/kominiarzwyszkow.ct8.pl\/#website\",\"url\":\"https:\/\/kominiarzwyszkow.ct8.pl\/\",\"name\":\"Zak\u0142ad Us\u0142ug Kominiarskich Jaros\u0142aw \u015awiercz\",\"description\":\"KOMINIARZ WYSZK\u00d3W\",\"potentialAction\":[{\"@type\":\"SearchAction\",\"target\":{\"@type\":\"EntryPoint\",\"urlTemplate\":\"https:\/\/kominiarzwyszkow.ct8.pl\/?s={search_term_string}\"},\"query-input\":\"required name=search_term_string\"}],\"inLanguage\":\"pl-PL\"}]}<\/script>\n<!-- \/ Yoast SEO plugin. -->","yoast_head_json":{"title":"KONTAKT - Zak\u0142ad Us\u0142ug Kominiarskich Jaros\u0142aw \u015awiercz","robots":{"index":"index","follow":"follow","max-snippet":"max-snippet:-1","max-image-preview":"max-image-preview:large","max-video-preview":"max-video-preview:-1"},"canonical":"https:\/\/kominiarzwyszkow.ct8.pl\/?page_id=27","og_locale":"pl_PL","og_type":"article","og_title":"KONTAKT - Zak\u0142ad Us\u0142ug Kominiarskich Jaros\u0142aw \u015awiercz","og_description":"&nbsp; 602 416 478 &nbsp; poniedzia\u0142ek 08:00\u201317:00 wtorek 08:00\u201317:00 \u015broda 08:00\u201317:00 czwartek 08:00\u201317:00 pi\u0105tek 08:00\u201317:00 sobota 08:00\u201315:00 niedziela Zamkni\u0119te tadeos66@wp.pl","og_url":"https:\/\/kominiarzwyszkow.ct8.pl\/?page_id=27","og_site_name":"Zak\u0142ad Us\u0142ug Kominiarskich Jaros\u0142aw \u015awiercz","article_modified_time":"2020-12-09T22:09:20+00:00","og_image":[{"url":"http:\/\/kominiarzwyszkow.ct8.pl\/wp-content\/uploads\/2020\/02\/ikona-telefonu.png"}],"twitter_card":"summary_large_image","schema":{"@context":"https:\/\/schema.org","@graph":[{"@type":"WebPage","@id":"https:\/\/kominiarzwyszkow.ct8.pl\/?page_id=27","url":"https:\/\/kominiarzwyszkow.ct8.pl\/?page_id=27","name":"KONTAKT - Zak\u0142ad Us\u0142ug Kominiarskich Jaros\u0142aw \u015awiercz","isPartOf":{"@id":"https:\/\/kominiarzwyszkow.ct8.pl\/#website"},"primaryImageOfPage":{"@id":"https:\/\/kominiarzwyszkow.ct8.pl\/?page_id=27#primaryimage"},"image":{"@id":"https:\/\/kominiarzwyszkow.ct8.pl\/?page_id=27#primaryimage"},"thumbnailUrl":"http:\/\/kominiarzwyszkow.ct8.pl\/wp-content\/uploads\/2020\/02\/ikona-telefonu.png","datePublished":"2019-08-16T13:44:08+00:00","dateModified":"2020-12-09T22:09:20+00:00","breadcrumb":{"@id":"https:\/\/kominiarzwyszkow.ct8.pl\/?page_id=27#breadcrumb"},"inLanguage":"pl-PL","potentialAction":[{"@type":"ReadAction","target":["https:\/\/kominiarzwyszkow.ct8.pl\/?page_id=27"]}]},{"@type":"ImageObject","inLanguage":"pl-PL","@id":"https:\/\/kominiarzwyszkow.ct8.pl\/?page_id=27#primaryimage","url":"http:\/\/kominiarzwyszkow.ct8.pl\/wp-content\/uploads\/2020\/02\/ikona-telefonu.png","contentUrl":"http:\/\/kominiarzwyszkow.ct8.pl\/wp-content\/uploads\/2020\/02\/ikona-telefonu.png","width":400,"height":400},{"@type":"BreadcrumbList","@id":"https:\/\/kominiarzwyszkow.ct8.pl\/?page_id=27#breadcrumb","itemListElement":[{"@type":"ListItem","position":1,"name":"Strona g\u0142\u00f3wna","item":"https:\/\/kominiarzwyszkow.ct8.pl\/"},{"@type":"ListItem","position":2,"name":"KONTAKT"}]},{"@type":"WebSite","@id":"https:\/\/kominiarzwyszkow.ct8.pl\/#website","url":"https:\/\/kominiarzwyszkow.ct8.pl\/","name":"Zak\u0142ad Us\u0142ug Kominiarskich Jaros\u0142aw \u015awiercz","description":"KOMINIARZ WYSZK\u00d3W","potentialAction":[{"@type":"SearchAction","target":{"@type":"EntryPoint","urlTemplate":"https:\/\/kominiarzwyszkow.ct8.pl\/?s={search_term_string}"},"query-input":"required name=search_term_string"}],"inLanguage":"pl-PL"}]}},"_links":{"self":[{"href":"http:\/\/kominiarzwyszkow.ct8.pl\/index.php?rest_route=\/wp\/v2\/pages\/27"}],"collection":[{"href":"http:\/\/kominiarzwyszkow.ct8.pl\/index.php?rest_route=\/wp\/v2\/pages"}],"about":[{"href":"http:\/\/kominiarzwyszkow.ct8.pl\/index.php?rest_route=\/wp\/v2\/types\/page"}],"author":[{"embeddable":true,"href":"http:\/\/kominiarzwyszkow.ct8.pl\/index.php?rest_route=\/wp\/v2\/users\/1"}],"replies":[{"embeddable":true,"href":"http:\/\/kominiarzwyszkow.ct8.pl\/index.php?rest_route=%2Fwp%2Fv2%2Fcomments&post=27"}],"version-history":[{"count":2,"href":"http:\/\/kominiarzwyszkow.ct8.pl\/index.php?rest_route=\/wp\/v2\/pages\/27\/revisions"}],"predecessor-version":[{"id":199,"href":"http:\/\/kominiarzwyszkow.ct8.pl\/index.php?rest_route=\/wp\/v2\/pages\/27\/revisions\/199"}],"wp:attachment":[{"href":"http:\/\/kominiarzwyszkow.ct8.pl\/index.php?rest_route=%2Fwp%2Fv2%2Fmedia&parent=27"}],"curies":[{"name":"wp","href":"https:\/\/api.w.org\/{rel}","templated":true}]}}