{"id":24,"date":"2019-08-16T15:42:34","date_gmt":"2019-08-16T13:42:34","guid":{"rendered":"http:\/\/kominiarzwyszkow.ct8.pl\/?page_id=24"},"modified":"2021-02-25T18:21:32","modified_gmt":"2021-02-25T17:21:32","slug":"oferta","status":"publish","type":"page","link":"http:\/\/kominiarzwyszkow.ct8.pl\/?page_id=24","title":{"rendered":"W SKR\u00d3CIE CO OFERUJEMY:"},"content":{"rendered":"\r\n<ul><li>Opinie do zak\u0142ad\u00f3w gazownictwa i wydzia\u0142\u00f3w architektury<\/li><li>Inwentaryzacja budynk\u00f3w dla administracji<\/li><li>Sta\u0142a konserwacja przewod\u00f3w kominowych<\/li><li>Czyszczenie i udra\u017cnianie przewod\u00f3w kominowych<\/li><li>Czyszczenie mechaniczne skrajnie zanieczyszczonych przewod\u00f3w kominowych<\/li><li>Rozbijanie sadzy szklistej oraz smo\u0142y w kominach murowanych<\/li><li>Sprawdzanie wentylacji mechanicznej<\/li><li>Monta\u017c wk\u0142ad\u00f3w kominowych kwasoodpornych, \u017caroodpornych<\/li><li>I wiele innych\u2026<\/li><\/ul>\r\n","protected":false},"excerpt":{"rendered":"<p>Opinie do zak\u0142ad\u00f3w gazownictwa i wydzia\u0142\u00f3w architektury Inwentaryzacja budynk\u00f3w dla administracji Sta\u0142a konserwacja przewod\u00f3w kominowych Czyszczenie i udra\u017cnianie przewod\u00f3w kominowych Czyszczenie mechaniczne skrajnie zanieczyszczonych przewod\u00f3w kominowych Rozbijanie sadzy szklistej oraz smo\u0142y w kominach murowanych Sprawdzanie<a class=\"read-more\" href=\"http:\/\/kominiarzwyszkow.ct8.pl\/?page_id=24\">Continue reading<\/a><\/p>\n","protected":false},"author":1,"featured_media":0,"parent":0,"menu_order":2,"comment_status":"closed","ping_status":"closed","template":"page-templates\/page_fullwidth.php","meta":{"footnotes":""},"yoast_head":"<!-- This site is optimized with the Yoast SEO plugin v22.3 - https:\/\/yoast.com\/wordpress\/plugins\/seo\/ -->\n<title>W SKR\u00d3CIE CO OFERUJEMY: - Zak\u0142ad Us\u0142ug Kominiarskich Jaros\u0142aw \u015awiercz<\/title>\n<meta name=\"robots\" content=\"index, follow, max-snippet:-1, max-image-preview:large, max-video-preview:-1\" \/>\n<link rel=\"canonical\" href=\"https:\/\/kominiarzwyszkow.ct8.pl\/?page_id=24\" \/>\n<meta property=\"og:locale\" content=\"pl_PL\" \/>\n<meta property=\"og:type\" content=\"article\" \/>\n<meta property=\"og:title\" content=\"W SKR\u00d3CIE CO OFERUJEMY: - Zak\u0142ad Us\u0142ug Kominiarskich Jaros\u0142aw \u015awiercz\" \/>\n<meta property=\"og:description\" content=\"Opinie do zak\u0142ad\u00f3w gazownictwa i wydzia\u0142\u00f3w architektury Inwentaryzacja budynk\u00f3w dla administracji Sta\u0142a konserwacja przewod\u00f3w kominowych Czyszczenie i udra\u017cnianie przewod\u00f3w kominowych Czyszczenie mechaniczne skrajnie zanieczyszczonych przewod\u00f3w kominowych Rozbijanie sadzy szklistej oraz smo\u0142y w kominach murowanych SprawdzanieContinue reading\" \/>\n<meta property=\"og:url\" content=\"https:\/\/kominiarzwyszkow.ct8.pl\/?page_id=24\" \/>\n<meta property=\"og:site_name\" content=\"Zak\u0142ad Us\u0142ug Kominiarskich Jaros\u0142aw \u015awiercz\" \/>\n<meta property=\"article:modified_time\" content=\"2021-02-25T17:21:32+00:00\" \/>\n<meta name=\"twitter:card\" content=\"summary_large_image\" \/>\n<script type=\"application\/ld+json\" class=\"yoast-schema-graph\">{\"@context\":\"https:\/\/schema.org\",\"@graph\":[{\"@type\":\"WebPage\",\"@id\":\"https:\/\/kominiarzwyszkow.ct8.pl\/?page_id=24\",\"url\":\"https:\/\/kominiarzwyszkow.ct8.pl\/?page_id=24\",\"name\":\"W SKR\u00d3CIE CO OFERUJEMY: - Zak\u0142ad Us\u0142ug Kominiarskich Jaros\u0142aw \u015awiercz\",\"isPartOf\":{\"@id\":\"https:\/\/kominiarzwyszkow.ct8.pl\/#website\"},\"datePublished\":\"2019-08-16T13:42:34+00:00\",\"dateModified\":\"2021-02-25T17:21:32+00:00\",\"breadcrumb\":{\"@id\":\"https:\/\/kominiarzwyszkow.ct8.pl\/?page_id=24#breadcrumb\"},\"inLanguage\":\"pl-PL\",\"potentialAction\":[{\"@type\":\"ReadAction\",\"target\":[\"https:\/\/kominiarzwyszkow.ct8.pl\/?page_id=24\"]}]},{\"@type\":\"BreadcrumbList\",\"@id\":\"https:\/\/kominiarzwyszkow.ct8.pl\/?page_id=24#breadcrumb\",\"itemListElement\":[{\"@type\":\"ListItem\",\"position\":1,\"name\":\"Strona g\u0142\u00f3wna\",\"item\":\"https:\/\/kominiarzwyszkow.ct8.pl\/\"},{\"@type\":\"ListItem\",\"position\":2,\"name\":\"W SKR\u00d3CIE CO OFERUJEMY:\"}]},{\"@type\":\"WebSite\",\"@id\":\"https:\/\/kominiarzwyszkow.ct8.pl\/#website\",\"url\":\"https:\/\/kominiarzwyszkow.ct8.pl\/\",\"name\":\"Zak\u0142ad Us\u0142ug Kominiarskich Jaros\u0142aw \u015awiercz\",\"description\":\"KOMINIARZ WYSZK\u00d3W\",\"potentialAction\":[{\"@type\":\"SearchAction\",\"target\":{\"@type\":\"EntryPoint\",\"urlTemplate\":\"https:\/\/kominiarzwyszkow.ct8.pl\/?s={search_term_string}\"},\"query-input\":\"required name=search_term_string\"}],\"inLanguage\":\"pl-PL\"}]}<\/script>\n<!-- \/ Yoast SEO plugin. -->","yoast_head_json":{"title":"W SKR\u00d3CIE CO OFERUJEMY: - Zak\u0142ad Us\u0142ug Kominiarskich Jaros\u0142aw \u015awiercz","robots":{"index":"index","follow":"follow","max-snippet":"max-snippet:-1","max-image-preview":"max-image-preview:large","max-video-preview":"max-video-preview:-1"},"canonical":"https:\/\/kominiarzwyszkow.ct8.pl\/?page_id=24","og_locale":"pl_PL","og_type":"article","og_title":"W SKR\u00d3CIE CO OFERUJEMY: - Zak\u0142ad Us\u0142ug Kominiarskich Jaros\u0142aw \u015awiercz","og_description":"Opinie do zak\u0142ad\u00f3w gazownictwa i wydzia\u0142\u00f3w architektury Inwentaryzacja budynk\u00f3w dla administracji Sta\u0142a konserwacja przewod\u00f3w kominowych Czyszczenie i udra\u017cnianie przewod\u00f3w kominowych Czyszczenie mechaniczne skrajnie zanieczyszczonych przewod\u00f3w kominowych Rozbijanie sadzy szklistej oraz smo\u0142y w kominach murowanych SprawdzanieContinue reading","og_url":"https:\/\/kominiarzwyszkow.ct8.pl\/?page_id=24","og_site_name":"Zak\u0142ad Us\u0142ug Kominiarskich Jaros\u0142aw \u015awiercz","article_modified_time":"2021-02-25T17:21:32+00:00","twitter_card":"summary_large_image","schema":{"@context":"https:\/\/schema.org","@graph":[{"@type":"WebPage","@id":"https:\/\/kominiarzwyszkow.ct8.pl\/?page_id=24","url":"https:\/\/kominiarzwyszkow.ct8.pl\/?page_id=24","name":"W SKR\u00d3CIE CO OFERUJEMY: - Zak\u0142ad Us\u0142ug Kominiarskich Jaros\u0142aw \u015awiercz","isPartOf":{"@id":"https:\/\/kominiarzwyszkow.ct8.pl\/#website"},"datePublished":"2019-08-16T13:42:34+00:00","dateModified":"2021-02-25T17:21:32+00:00","breadcrumb":{"@id":"https:\/\/kominiarzwyszkow.ct8.pl\/?page_id=24#breadcrumb"},"inLanguage":"pl-PL","potentialAction":[{"@type":"ReadAction","target":["https:\/\/kominiarzwyszkow.ct8.pl\/?page_id=24"]}]},{"@type":"BreadcrumbList","@id":"https:\/\/kominiarzwyszkow.ct8.pl\/?page_id=24#breadcrumb","itemListElement":[{"@type":"ListItem","position":1,"name":"Strona g\u0142\u00f3wna","item":"https:\/\/kominiarzwyszkow.ct8.pl\/"},{"@type":"ListItem","position":2,"name":"W SKR\u00d3CIE CO OFERUJEMY:"}]},{"@type":"WebSite","@id":"https:\/\/kominiarzwyszkow.ct8.pl\/#website","url":"https:\/\/kominiarzwyszkow.ct8.pl\/","name":"Zak\u0142ad Us\u0142ug Kominiarskich Jaros\u0142aw \u015awiercz","description":"KOMINIARZ WYSZK\u00d3W","potentialAction":[{"@type":"SearchAction","target":{"@type":"EntryPoint","urlTemplate":"https:\/\/kominiarzwyszkow.ct8.pl\/?s={search_term_string}"},"query-input":"required name=search_term_string"}],"inLanguage":"pl-PL"}]}},"_links":{"self":[{"href":"http:\/\/kominiarzwyszkow.ct8.pl\/index.php?rest_route=\/wp\/v2\/pages\/24"}],"collection":[{"href":"http:\/\/kominiarzwyszkow.ct8.pl\/index.php?rest_route=\/wp\/v2\/pages"}],"about":[{"href":"http:\/\/kominiarzwyszkow.ct8.pl\/index.php?rest_route=\/wp\/v2\/types\/page"}],"author":[{"embeddable":true,"href":"http:\/\/kominiarzwyszkow.ct8.pl\/index.php?rest_route=\/wp\/v2\/users\/1"}],"replies":[{"embeddable":true,"href":"http:\/\/kominiarzwyszkow.ct8.pl\/index.php?rest_route=%2Fwp%2Fv2%2Fcomments&post=24"}],"version-history":[{"count":2,"href":"http:\/\/kominiarzwyszkow.ct8.pl\/index.php?rest_route=\/wp\/v2\/pages\/24\/revisions"}],"predecessor-version":[{"id":242,"href":"http:\/\/kominiarzwyszkow.ct8.pl\/index.php?rest_route=\/wp\/v2\/pages\/24\/revisions\/242"}],"wp:attachment":[{"href":"http:\/\/kominiarzwyszkow.ct8.pl\/index.php?rest_route=%2Fwp%2Fv2%2Fmedia&parent=24"}],"curies":[{"name":"wp","href":"https:\/\/api.w.org\/{rel}","templated":true}]}}