{"id":22,"date":"2019-08-16T15:41:51","date_gmt":"2019-08-16T13:41:51","guid":{"rendered":"http:\/\/kominiarzwyszkow.ct8.pl\/?page_id=22"},"modified":"2021-11-20T19:36:48","modified_gmt":"2021-11-20T18:36:48","slug":"strona-glowna","status":"publish","type":"page","link":"http:\/\/kominiarzwyszkow.ct8.pl\/","title":{"rendered":"STRONA G\u0141\u00d3WNA"},"content":{"rendered":"\r\n<p style=\"text-align: center;\">Nasz zak\u0142ad jest zrzeszony w Krajowej Izbie Kominiarzy oraz Izbie Rzemie\u015blniczej w Wyszkowie.<\/p>\r\n<div id='gallery-1' class='gallery galleryid-22 gallery-columns-2 gallery-size-full'><figure class='gallery-item'>\n\t\t\t<div class='gallery-icon landscape'>\n\t\t\t\t<img loading=\"lazy\" decoding=\"async\" width=\"447\" height=\"100\" src=\"http:\/\/kominiarzwyszkow.ct8.pl\/wp-content\/uploads\/2021\/11\/KIK-logo.webp\" class=\"attachment-full size-full\" alt=\"\" srcset=\"http:\/\/kominiarzwyszkow.ct8.pl\/wp-content\/uploads\/2021\/11\/KIK-logo.webp 447w, http:\/\/kominiarzwyszkow.ct8.pl\/wp-content\/uploads\/2021\/11\/KIK-logo-300x67.webp 300w\" sizes=\"(max-width: 447px) 100vw, 447px\" \/>\n\t\t\t<\/div><\/figure><figure class='gallery-item'>\n\t\t\t<div class='gallery-icon portrait'>\n\t\t\t\t<img loading=\"lazy\" decoding=\"async\" width=\"130\" height=\"134\" src=\"http:\/\/kominiarzwyszkow.ct8.pl\/wp-content\/uploads\/2021\/11\/IR-logo.webp\" class=\"attachment-full size-full\" alt=\"\" \/>\n\t\t\t<\/div><\/figure>\n\t\t<\/div>\n\r\n<p style=\"text-align: center;\">Roboty og\u00f3lnobudowlane zwi\u0105zane z kompleksowymi naprawami przewod\u00f3w kominowych.\u00a0<br \/>Jeste\u015bmy do Waszych us\u0142ug, serdecznie zapraszamy do kontaktu!<\/p>\r\n","protected":false},"excerpt":{"rendered":"<p>Nasz zak\u0142ad jest zrzeszony w Krajowej Izbie Kominiarzy oraz Izbie Rzemie\u015blniczej w Wyszkowie. Roboty og\u00f3lnobudowlane zwi\u0105zane z kompleksowymi naprawami przewod\u00f3w kominowych.\u00a0Jeste\u015bmy do Waszych us\u0142ug, serdecznie zapraszamy do kontaktu!<\/p>\n","protected":false},"author":1,"featured_media":0,"parent":0,"menu_order":1,"comment_status":"closed","ping_status":"closed","template":"page-templates\/page_fullwidth.php","meta":{"footnotes":""},"yoast_head":"<!-- This site is optimized with the Yoast SEO plugin v22.3 - https:\/\/yoast.com\/wordpress\/plugins\/seo\/ -->\n<title>STRONA G\u0141\u00d3WNA - Zak\u0142ad Us\u0142ug Kominiarskich Jaros\u0142aw \u015awiercz<\/title>\n<meta name=\"robots\" content=\"index, follow, max-snippet:-1, max-image-preview:large, max-video-preview:-1\" \/>\n<link rel=\"canonical\" href=\"https:\/\/kominiarzwyszkow.ct8.pl\/\" \/>\n<meta property=\"og:locale\" content=\"pl_PL\" \/>\n<meta property=\"og:type\" content=\"article\" \/>\n<meta property=\"og:title\" content=\"STRONA G\u0141\u00d3WNA - Zak\u0142ad Us\u0142ug Kominiarskich Jaros\u0142aw \u015awiercz\" \/>\n<meta property=\"og:description\" content=\"Nasz zak\u0142ad jest zrzeszony w Krajowej Izbie Kominiarzy oraz Izbie Rzemie\u015blniczej w Wyszkowie. Roboty og\u00f3lnobudowlane zwi\u0105zane z kompleksowymi naprawami przewod\u00f3w kominowych.\u00a0Jeste\u015bmy do Waszych us\u0142ug, serdecznie zapraszamy do kontaktu!\" \/>\n<meta property=\"og:url\" content=\"https:\/\/kominiarzwyszkow.ct8.pl\/\" \/>\n<meta property=\"og:site_name\" content=\"Zak\u0142ad Us\u0142ug Kominiarskich Jaros\u0142aw \u015awiercz\" \/>\n<meta property=\"article:modified_time\" content=\"2021-11-20T18:36:48+00:00\" \/>\n<meta property=\"og:image\" content=\"https:\/\/kominiarzwyszkow.ct8.pl\/wp-content\/uploads\/2021\/11\/KIK-logo.webp\" \/>\n<meta name=\"twitter:card\" content=\"summary_large_image\" \/>\n<meta name=\"twitter:label1\" content=\"Szacowany czas czytania\" \/>\n\t<meta name=\"twitter:data1\" content=\"1 minuta\" \/>\n<script type=\"application\/ld+json\" class=\"yoast-schema-graph\">{\"@context\":\"https:\/\/schema.org\",\"@graph\":[{\"@type\":\"WebPage\",\"@id\":\"https:\/\/kominiarzwyszkow.ct8.pl\/\",\"url\":\"https:\/\/kominiarzwyszkow.ct8.pl\/\",\"name\":\"STRONA G\u0141\u00d3WNA - Zak\u0142ad Us\u0142ug Kominiarskich Jaros\u0142aw \u015awiercz\",\"isPartOf\":{\"@id\":\"https:\/\/kominiarzwyszkow.ct8.pl\/#website\"},\"datePublished\":\"2019-08-16T13:41:51+00:00\",\"dateModified\":\"2021-11-20T18:36:48+00:00\",\"breadcrumb\":{\"@id\":\"https:\/\/kominiarzwyszkow.ct8.pl\/#breadcrumb\"},\"inLanguage\":\"pl-PL\",\"potentialAction\":[{\"@type\":\"ReadAction\",\"target\":[\"https:\/\/kominiarzwyszkow.ct8.pl\/\"]}]},{\"@type\":\"BreadcrumbList\",\"@id\":\"https:\/\/kominiarzwyszkow.ct8.pl\/#breadcrumb\",\"itemListElement\":[{\"@type\":\"ListItem\",\"position\":1,\"name\":\"Strona g\u0142\u00f3wna\",\"item\":\"https:\/\/kominiarzwyszkow.ct8.pl\/\"},{\"@type\":\"ListItem\",\"position\":2,\"name\":\"STRONA G\u0141\u00d3WNA\"}]},{\"@type\":\"WebSite\",\"@id\":\"https:\/\/kominiarzwyszkow.ct8.pl\/#website\",\"url\":\"https:\/\/kominiarzwyszkow.ct8.pl\/\",\"name\":\"Zak\u0142ad Us\u0142ug Kominiarskich Jaros\u0142aw \u015awiercz\",\"description\":\"KOMINIARZ WYSZK\u00d3W\",\"potentialAction\":[{\"@type\":\"SearchAction\",\"target\":{\"@type\":\"EntryPoint\",\"urlTemplate\":\"https:\/\/kominiarzwyszkow.ct8.pl\/?s={search_term_string}\"},\"query-input\":\"required name=search_term_string\"}],\"inLanguage\":\"pl-PL\"}]}<\/script>\n<!-- \/ Yoast SEO plugin. -->","yoast_head_json":{"title":"STRONA G\u0141\u00d3WNA - Zak\u0142ad Us\u0142ug Kominiarskich Jaros\u0142aw \u015awiercz","robots":{"index":"index","follow":"follow","max-snippet":"max-snippet:-1","max-image-preview":"max-image-preview:large","max-video-preview":"max-video-preview:-1"},"canonical":"https:\/\/kominiarzwyszkow.ct8.pl\/","og_locale":"pl_PL","og_type":"article","og_title":"STRONA G\u0141\u00d3WNA - Zak\u0142ad Us\u0142ug Kominiarskich Jaros\u0142aw \u015awiercz","og_description":"Nasz zak\u0142ad jest zrzeszony w Krajowej Izbie Kominiarzy oraz Izbie Rzemie\u015blniczej w Wyszkowie. Roboty og\u00f3lnobudowlane zwi\u0105zane z kompleksowymi naprawami przewod\u00f3w kominowych.\u00a0Jeste\u015bmy do Waszych us\u0142ug, serdecznie zapraszamy do kontaktu!","og_url":"https:\/\/kominiarzwyszkow.ct8.pl\/","og_site_name":"Zak\u0142ad Us\u0142ug Kominiarskich Jaros\u0142aw \u015awiercz","article_modified_time":"2021-11-20T18:36:48+00:00","og_image":[{"url":"https:\/\/kominiarzwyszkow.ct8.pl\/wp-content\/uploads\/2021\/11\/KIK-logo.webp"}],"twitter_card":"summary_large_image","twitter_misc":{"Szacowany czas czytania":"1 minuta"},"schema":{"@context":"https:\/\/schema.org","@graph":[{"@type":"WebPage","@id":"https:\/\/kominiarzwyszkow.ct8.pl\/","url":"https:\/\/kominiarzwyszkow.ct8.pl\/","name":"STRONA G\u0141\u00d3WNA - Zak\u0142ad Us\u0142ug Kominiarskich Jaros\u0142aw \u015awiercz","isPartOf":{"@id":"https:\/\/kominiarzwyszkow.ct8.pl\/#website"},"datePublished":"2019-08-16T13:41:51+00:00","dateModified":"2021-11-20T18:36:48+00:00","breadcrumb":{"@id":"https:\/\/kominiarzwyszkow.ct8.pl\/#breadcrumb"},"inLanguage":"pl-PL","potentialAction":[{"@type":"ReadAction","target":["https:\/\/kominiarzwyszkow.ct8.pl\/"]}]},{"@type":"BreadcrumbList","@id":"https:\/\/kominiarzwyszkow.ct8.pl\/#breadcrumb","itemListElement":[{"@type":"ListItem","position":1,"name":"Strona g\u0142\u00f3wna","item":"https:\/\/kominiarzwyszkow.ct8.pl\/"},{"@type":"ListItem","position":2,"name":"STRONA G\u0141\u00d3WNA"}]},{"@type":"WebSite","@id":"https:\/\/kominiarzwyszkow.ct8.pl\/#website","url":"https:\/\/kominiarzwyszkow.ct8.pl\/","name":"Zak\u0142ad Us\u0142ug Kominiarskich Jaros\u0142aw \u015awiercz","description":"KOMINIARZ WYSZK\u00d3W","potentialAction":[{"@type":"SearchAction","target":{"@type":"EntryPoint","urlTemplate":"https:\/\/kominiarzwyszkow.ct8.pl\/?s={search_term_string}"},"query-input":"required name=search_term_string"}],"inLanguage":"pl-PL"}]}},"_links":{"self":[{"href":"http:\/\/kominiarzwyszkow.ct8.pl\/index.php?rest_route=\/wp\/v2\/pages\/22"}],"collection":[{"href":"http:\/\/kominiarzwyszkow.ct8.pl\/index.php?rest_route=\/wp\/v2\/pages"}],"about":[{"href":"http:\/\/kominiarzwyszkow.ct8.pl\/index.php?rest_route=\/wp\/v2\/types\/page"}],"author":[{"embeddable":true,"href":"http:\/\/kominiarzwyszkow.ct8.pl\/index.php?rest_route=\/wp\/v2\/users\/1"}],"replies":[{"embeddable":true,"href":"http:\/\/kominiarzwyszkow.ct8.pl\/index.php?rest_route=%2Fwp%2Fv2%2Fcomments&post=22"}],"version-history":[{"count":6,"href":"http:\/\/kominiarzwyszkow.ct8.pl\/index.php?rest_route=\/wp\/v2\/pages\/22\/revisions"}],"predecessor-version":[{"id":346,"href":"http:\/\/kominiarzwyszkow.ct8.pl\/index.php?rest_route=\/wp\/v2\/pages\/22\/revisions\/346"}],"wp:attachment":[{"href":"http:\/\/kominiarzwyszkow.ct8.pl\/index.php?rest_route=%2Fwp%2Fv2%2Fmedia&parent=22"}],"curies":[{"name":"wp","href":"https:\/\/api.w.org\/{rel}","templated":true}]}}